{"id":57,"date":"2017-04-26T07:31:54","date_gmt":"2017-04-26T05:31:54","guid":{"rendered":"http:\/\/ccc-frankfurt.de\/wp-cn\/?page_id=57"},"modified":"2018-06-01T06:39:26","modified_gmt":"2018-06-01T04:39:26","slug":"links","status":"publish","type":"page","link":"https:\/\/ccc-frankfurt.de\/de\/links\/","title":{"rendered":"Links"},"content":{"rendered":"<p><\/p>\n<h3>Chinesische Gemeinde oder Bibelkreis in Deutschland<\/h3>\n<ul>\n<li><a href=\"http:\/\/www.ccb-darmstadt.com\" target=\"blank\">Darmstadt<\/a><\/li>\n<li><a href=\"http:\/\/www.chzy.de\" target=\"blank\">Mainz<\/a><\/li>\n<li><a href=\"http:\/\/www.chzy.de\" target=\"blank\">Heidelberg<\/a><\/li>\n<li><a href=\"http:\/\/www.ccg-ham.de\/uber-uns\/\" target=\"blank\">Hamburg<\/a><\/li>\n<li><a href=\"http:\/\/www.ccg-bremen.de\/\" target=\"blank\">Bremen<\/a><\/li>\n<li><a href=\"http:\/\/www.ccg-ham.de\/kiel\/\" target=\"blank\">Kiel<\/a><\/li>\n<li><a href=\"http:\/\/www.ccg-ham.de\/luebeck\/\" target=\"blank\">L\u00fcbeck<\/a><\/li>\n<li><a href=\"http:\/\/www.ccg-hannover.de\/\" target=\"blank\">Hannover<\/a><\/li>\n<li><a href=\"http:\/\/www.ccnbg.de\/\" target=\"blank\">N\u00fcrnberg<\/a><\/li>\n<li><a href=\"http:\/\/www.ccg-ruhr.de\/\" target=\"blank\">Ruhrgebiet<\/a><\/li>\n<li><a href=\"http:\/\/www.cccberlin.org\/\" target=\"blank\">Berlin<\/a><\/li>\n<li><a href=\"http:\/\/www.china-church.de\/\" target=\"blank\">D\u00fcsseldorf<\/a><\/li>\n<li><a href=\"http:\/\/www.ccc-munich.org\/\" target=\"blank\">M\u00fcnchen<\/a><\/li>\n<li><a href=\"http:\/\/www.stuttgartjiaohui.de\/\" target=\"blank\">Stuttgart<\/a><\/li>\n<li><a href=\"http:\/\/www.keen-koeln.de\/\" target=\"blank\">K\u00f6ln-Bonn<\/a><\/li>\n<li><a href=\"http:\/\/cbk-bielefeld.de\/\" target=\"blank\">Bielefeld<\/a><\/li>\n<li><a href=\"http:\/\/home.arcor.de\/cbk-pb\/\" target=\"blank\">Paderborn<\/a><\/li>\n<\/ul>\n<h3>Andere<\/h3>\n<ul>\n<li><a class=\"mainlevel\" href=\"http:\/\/www.chinese-library.de\/de\" target=\"_blank\" rel=\"noopener noreferrer\">Chinesische Leihb\u00fccherei<\/a><\/li>\n<li><a class=\"mainlevel\" href=\"http:\/\/www.ccg-ham.de\/psycho\/\" target=\"_blank\" rel=\"noopener noreferrer\">Psychotherapie<\/a><\/li>\n<li><a class=\"mainlevel\" href=\"http:\/\/www.oc.org\/web\/\" target=\"_blank\" rel=\"noopener noreferrer\">OverSeas Campus<\/a><\/li>\n<li><a href=\"http:\/\/www.yawill.com\/\" target=\"blank\">Mehrsprachige Bibel<\/a><\/li>\n<li><a href=\"http:\/\/www.cclw.net\/\" target=\"blank\">Chinese Christian Life Web<\/a><\/li>\n<\/ul>\n<p><\/p>","protected":false},"excerpt":{"rendered":"<p>Chinesische Gemeinde oder Bibelkreis in Deutschland Darmstadt Mainz Heidelberg Hamburg Bremen Kiel L\u00fcbeck Hannover N\u00fcrnberg Ruhrgebiet Berlin D\u00fcsseldorf M\u00fcnchen Stuttgart K\u00f6ln-Bonn Bielefeld Paderborn Andere Chinesische Leihb\u00fccherei Psychotherapie OverSeas Campus Mehrsprachige Bibel Chinese Christian Life Web<\/p>\n","protected":false},"author":1,"featured_media":0,"parent":0,"menu_order":9,"comment_status":"closed","ping_status":"closed","template":"","meta":{"_bbp_topic_count":0,"_bbp_reply_count":0,"_bbp_total_topic_count":0,"_bbp_total_reply_count":0,"_bbp_voice_count":0,"_bbp_anonymous_reply_count":0,"_bbp_topic_count_hidden":0,"_bbp_reply_count_hidden":0,"_bbp_forum_subforum_count":0,"footnotes":""},"categories":[36],"tags":[],"class_list":["post-57","page","type-page","status-publish","hentry","category-hauptseiten"],"yoast_head":"<!-- This site is optimized with the Yoast SEO plugin v26.8 - https:\/\/yoast.com\/product\/yoast-seo-wordpress\/ -->\n<title>Links - \u6cd5\u5170\u514b\u798f\u534e\u4eba\u57fa\u7763\u6559\u4f1a<\/title>\n<meta name=\"robots\" content=\"index, follow, max-snippet:-1, max-image-preview:large, max-video-preview:-1\" \/>\n<link rel=\"canonical\" href=\"https:\/\/ccc-frankfurt.de\/de\/links\/\" \/>\n<meta property=\"og:locale\" content=\"de_DE\" \/>\n<meta property=\"og:type\" content=\"article\" \/>\n<meta property=\"og:title\" content=\"Links - \u6cd5\u5170\u514b\u798f\u534e\u4eba\u57fa\u7763\u6559\u4f1a\" \/>\n<meta property=\"og:description\" content=\"Chinesische Gemeinde oder Bibelkreis in Deutschland Darmstadt Mainz Heidelberg Hamburg Bremen Kiel L\u00fcbeck Hannover N\u00fcrnberg Ruhrgebiet Berlin D\u00fcsseldorf M\u00fcnchen Stuttgart K\u00f6ln-Bonn Bielefeld Paderborn Andere Chinesische Leihb\u00fccherei Psychotherapie OverSeas Campus Mehrsprachige Bibel Chinese Christian Life Web\" \/>\n<meta property=\"og:url\" content=\"https:\/\/ccc-frankfurt.de\/de\/links\/\" \/>\n<meta property=\"og:site_name\" content=\"\u6cd5\u5170\u514b\u798f\u534e\u4eba\u57fa\u7763\u6559\u4f1a\" \/>\n<meta property=\"article:modified_time\" content=\"2018-06-01T04:39:26+00:00\" \/>\n<meta name=\"twitter:card\" content=\"summary_large_image\" \/>\n<script type=\"application\/ld+json\" class=\"yoast-schema-graph\">{\"@context\":\"https:\/\/schema.org\",\"@graph\":[{\"@type\":\"WebPage\",\"@id\":\"https:\/\/ccc-frankfurt.de\/de\/links\/\",\"url\":\"https:\/\/ccc-frankfurt.de\/de\/links\/\",\"name\":\"Links - \u6cd5\u5170\u514b\u798f\u534e\u4eba\u57fa\u7763\u6559\u4f1a\",\"isPartOf\":{\"@id\":\"http:\/\/ccc-frankfurt.de\/zh\/#website\"},\"datePublished\":\"2017-04-26T05:31:54+00:00\",\"dateModified\":\"2018-06-01T04:39:26+00:00\",\"breadcrumb\":{\"@id\":\"https:\/\/ccc-frankfurt.de\/de\/links\/#breadcrumb\"},\"inLanguage\":\"de\",\"potentialAction\":[{\"@type\":\"ReadAction\",\"target\":[\"https:\/\/ccc-frankfurt.de\/de\/links\/\"]}]},{\"@type\":\"BreadcrumbList\",\"@id\":\"https:\/\/ccc-frankfurt.de\/de\/links\/#breadcrumb\",\"itemListElement\":[{\"@type\":\"ListItem\",\"position\":1,\"name\":\"Home\",\"item\":\"http:\/\/ccc-frankfurt.de\/zh\/\"},{\"@type\":\"ListItem\",\"position\":2,\"name\":\"Links\"}]},{\"@type\":\"WebSite\",\"@id\":\"http:\/\/ccc-frankfurt.de\/zh\/#website\",\"url\":\"http:\/\/ccc-frankfurt.de\/zh\/\",\"name\":\"\u6cd5\u5170\u514b\u798f\u534e\u4eba\u57fa\u7763\u6559\u4f1a\",\"description\":\"Chinesische Christliche Gemeinde Frankfurt e.V.\",\"potentialAction\":[{\"@type\":\"SearchAction\",\"target\":{\"@type\":\"EntryPoint\",\"urlTemplate\":\"http:\/\/ccc-frankfurt.de\/zh\/?s={search_term_string}\"},\"query-input\":{\"@type\":\"PropertyValueSpecification\",\"valueRequired\":true,\"valueName\":\"search_term_string\"}}],\"inLanguage\":\"de\"}]}<\/script>\n<!-- \/ Yoast SEO plugin. -->","yoast_head_json":{"title":"Links - \u6cd5\u5170\u514b\u798f\u534e\u4eba\u57fa\u7763\u6559\u4f1a","robots":{"index":"index","follow":"follow","max-snippet":"max-snippet:-1","max-image-preview":"max-image-preview:large","max-video-preview":"max-video-preview:-1"},"canonical":"https:\/\/ccc-frankfurt.de\/de\/links\/","og_locale":"de_DE","og_type":"article","og_title":"Links - \u6cd5\u5170\u514b\u798f\u534e\u4eba\u57fa\u7763\u6559\u4f1a","og_description":"Chinesische Gemeinde oder Bibelkreis in Deutschland Darmstadt Mainz Heidelberg Hamburg Bremen Kiel L\u00fcbeck Hannover N\u00fcrnberg Ruhrgebiet Berlin D\u00fcsseldorf M\u00fcnchen Stuttgart K\u00f6ln-Bonn Bielefeld Paderborn Andere Chinesische Leihb\u00fccherei Psychotherapie OverSeas Campus Mehrsprachige Bibel Chinese Christian Life Web","og_url":"https:\/\/ccc-frankfurt.de\/de\/links\/","og_site_name":"\u6cd5\u5170\u514b\u798f\u534e\u4eba\u57fa\u7763\u6559\u4f1a","article_modified_time":"2018-06-01T04:39:26+00:00","twitter_card":"summary_large_image","schema":{"@context":"https:\/\/schema.org","@graph":[{"@type":"WebPage","@id":"https:\/\/ccc-frankfurt.de\/de\/links\/","url":"https:\/\/ccc-frankfurt.de\/de\/links\/","name":"Links - \u6cd5\u5170\u514b\u798f\u534e\u4eba\u57fa\u7763\u6559\u4f1a","isPartOf":{"@id":"http:\/\/ccc-frankfurt.de\/zh\/#website"},"datePublished":"2017-04-26T05:31:54+00:00","dateModified":"2018-06-01T04:39:26+00:00","breadcrumb":{"@id":"https:\/\/ccc-frankfurt.de\/de\/links\/#breadcrumb"},"inLanguage":"de","potentialAction":[{"@type":"ReadAction","target":["https:\/\/ccc-frankfurt.de\/de\/links\/"]}]},{"@type":"BreadcrumbList","@id":"https:\/\/ccc-frankfurt.de\/de\/links\/#breadcrumb","itemListElement":[{"@type":"ListItem","position":1,"name":"Home","item":"http:\/\/ccc-frankfurt.de\/zh\/"},{"@type":"ListItem","position":2,"name":"Links"}]},{"@type":"WebSite","@id":"http:\/\/ccc-frankfurt.de\/zh\/#website","url":"http:\/\/ccc-frankfurt.de\/zh\/","name":"\u6cd5\u5170\u514b\u798f\u534e\u4eba\u57fa\u7763\u6559\u4f1a","description":"Chinesische Christliche Gemeinde Frankfurt e.V.","potentialAction":[{"@type":"SearchAction","target":{"@type":"EntryPoint","urlTemplate":"http:\/\/ccc-frankfurt.de\/zh\/?s={search_term_string}"},"query-input":{"@type":"PropertyValueSpecification","valueRequired":true,"valueName":"search_term_string"}}],"inLanguage":"de"}]}},"_links":{"self":[{"href":"https:\/\/ccc-frankfurt.de\/de\/wp-json\/wp\/v2\/pages\/57","targetHints":{"allow":["GET"]}}],"collection":[{"href":"https:\/\/ccc-frankfurt.de\/de\/wp-json\/wp\/v2\/pages"}],"about":[{"href":"https:\/\/ccc-frankfurt.de\/de\/wp-json\/wp\/v2\/types\/page"}],"author":[{"embeddable":true,"href":"https:\/\/ccc-frankfurt.de\/de\/wp-json\/wp\/v2\/users\/1"}],"replies":[{"embeddable":true,"href":"https:\/\/ccc-frankfurt.de\/de\/wp-json\/wp\/v2\/comments?post=57"}],"version-history":[{"count":8,"href":"https:\/\/ccc-frankfurt.de\/de\/wp-json\/wp\/v2\/pages\/57\/revisions"}],"predecessor-version":[{"id":981,"href":"https:\/\/ccc-frankfurt.de\/de\/wp-json\/wp\/v2\/pages\/57\/revisions\/981"}],"wp:attachment":[{"href":"https:\/\/ccc-frankfurt.de\/de\/wp-json\/wp\/v2\/media?parent=57"}],"wp:term":[{"taxonomy":"category","embeddable":true,"href":"https:\/\/ccc-frankfurt.de\/de\/wp-json\/wp\/v2\/categories?post=57"},{"taxonomy":"post_tag","embeddable":true,"href":"https:\/\/ccc-frankfurt.de\/de\/wp-json\/wp\/v2\/tags?post=57"}],"curies":[{"name":"wp","href":"https:\/\/api.w.org\/{rel}","templated":true}]}}