{"id":23,"date":"2017-04-26T06:46:36","date_gmt":"2017-04-26T04:46:36","guid":{"rendered":"http:\/\/ccc-frankfurt.de\/wp-cn\/?page_id=23"},"modified":"2017-09-26T10:44:00","modified_gmt":"2017-09-26T08:44:00","slug":"faith","status":"publish","type":"page","link":"https:\/\/ccc-frankfurt.de\/de\/faith\/","title":{"rendered":"Glaube"},"content":{"rendered":"<p>Die Bibel stellt das von Gott offenbarte Wort an. In ihr steht die Botschaft im Mittelpunkt, dass Gott, der Sch\u00f6pfer, eine pers\u00f6nliche Beziehung zu den Menschen aufbauen m\u00f6chte. Gott liebt alle Menschen und l\u00e4sst ihnen daher auch die Freiheit, an ihn zu glauben oder nicht. Im Missbrauch seiner Freiheit lehnt sich der Mensch damals wie heute gegen diese Absicht Gottes auf. Er f\u00fchrt sein Leben nach eigenen Vorstellungen, die den Willen Gottes entgegengesetzt sind; dies nennt die Bibel S\u00fcnde.<\/p>\n<p>Aber Gott hat gehandelt, um mit den Menschen zu vers\u00f6hnen und die Gemeinschaft mit ihnen wiederherzustellen: Er baut durch Jesus Christus, seinen eingeborenen Sohn, eine Br\u00fccke zu den Menschen auf. Durch den Tod Jesu am Kreuz ist es m\u00f6glich geworden, dass Menschen mit Gott vers\u00f6hnen k\u00f6nnen und dass Gott S\u00fcnde und Schuld der Menschen vergibt. Wer zum Glauben an Jesus Christus kommt, sieht ein, dass er bisher falsch gelebt hat und bereut es. Ihm wird die Schuld vergeben; er ist entlastet und frei.<\/p>\n<p>Ein Mensch, der an Jesus Christus glaubt, hat die Gewissheit: Gott ist da, er l\u00e4\u00dft den Menschen nicht los. Zudem verspricht Gott dem, der an ihm festh\u00e4lt, ein ewiges Leben. Darin liegt die Hoffnung aller Christen. Mit Gott zu leben geh\u00f6rt sowohl das Lesen der Bibel als auch das Beten zum Gott, was unsere Beziehung mit Gott lebendig h\u00e4lt.<\/p>\n<p>WIR glauben, dass \u201ein Jesus Christus alle Sch\u00e4tze der Weisheit und Erkenntnis verborgen liegen\u201c. Darin liegt unsere Motivation, andere Menschen mit Jesus Christus bekannt zu machen. In diesem Zusammenhang stehen die biblischen Texte, die \u00fcber Jesus berichten, im Mittelpunkt: Wir glauben, dass die Bibel auch heute noch der Schl\u00fcssel ist, um in eine pers\u00f6nliche Beziehung zu Jesus zu treten und in dieser Beziehung zu wachsen.<\/p>","protected":false},"excerpt":{"rendered":"<p>Die Bibel stellt das von Gott offenbarte Wort an. In ihr steht die Botschaft im Mittelpunkt, dass Gott, der Sch\u00f6pfer, eine pers\u00f6nliche Beziehung zu den Menschen aufbauen m\u00f6chte. Gott liebt alle Menschen und l\u00e4sst ihnen daher auch die Freiheit, an ihn zu glauben oder nicht. Im Missbrauch seiner Freiheit lehnt sich der Mensch damals wie [&hellip;]<\/p>\n","protected":false},"author":1,"featured_media":0,"parent":0,"menu_order":17,"comment_status":"closed","ping_status":"closed","template":"","meta":{"_bbp_topic_count":0,"_bbp_reply_count":0,"_bbp_total_topic_count":0,"_bbp_total_reply_count":0,"_bbp_voice_count":0,"_bbp_anonymous_reply_count":0,"_bbp_topic_count_hidden":0,"_bbp_reply_count_hidden":0,"_bbp_forum_subforum_count":0,"footnotes":""},"categories":[36],"tags":[],"class_list":["post-23","page","type-page","status-publish","hentry","category-hauptseiten"],"yoast_head":"<!-- This site is optimized with the Yoast SEO plugin v26.8 - https:\/\/yoast.com\/product\/yoast-seo-wordpress\/ -->\n<title>Glaube - \u6cd5\u5170\u514b\u798f\u534e\u4eba\u57fa\u7763\u6559\u4f1a<\/title>\n<meta name=\"robots\" content=\"index, follow, max-snippet:-1, max-image-preview:large, max-video-preview:-1\" \/>\n<link rel=\"canonical\" href=\"http:\/\/ccc-frankfurt.de\/zh\/faith\/\" \/>\n<meta property=\"og:locale\" content=\"de_DE\" \/>\n<meta property=\"og:type\" content=\"article\" \/>\n<meta property=\"og:title\" content=\"Glaube - \u6cd5\u5170\u514b\u798f\u534e\u4eba\u57fa\u7763\u6559\u4f1a\" \/>\n<meta property=\"og:description\" content=\"Die Bibel stellt das von Gott offenbarte Wort an. In ihr steht die Botschaft im Mittelpunkt, dass Gott, der Sch\u00f6pfer, eine pers\u00f6nliche Beziehung zu den Menschen aufbauen m\u00f6chte. Gott liebt alle Menschen und l\u00e4sst ihnen daher auch die Freiheit, an ihn zu glauben oder nicht. Im Missbrauch seiner Freiheit lehnt sich der Mensch damals wie [&hellip;]\" \/>\n<meta property=\"og:url\" content=\"http:\/\/ccc-frankfurt.de\/zh\/faith\/\" \/>\n<meta property=\"og:site_name\" content=\"\u6cd5\u5170\u514b\u798f\u534e\u4eba\u57fa\u7763\u6559\u4f1a\" \/>\n<meta property=\"article:modified_time\" content=\"2017-09-26T08:44:00+00:00\" \/>\n<meta name=\"twitter:card\" content=\"summary_large_image\" \/>\n<meta name=\"twitter:label1\" content=\"Gesch\u00e4tzte Lesezeit\" \/>\n\t<meta name=\"twitter:data1\" content=\"2\u00a0Minuten\" \/>\n<script type=\"application\/ld+json\" class=\"yoast-schema-graph\">{\"@context\":\"https:\/\/schema.org\",\"@graph\":[{\"@type\":\"WebPage\",\"@id\":\"http:\/\/ccc-frankfurt.de\/zh\/faith\/\",\"url\":\"http:\/\/ccc-frankfurt.de\/zh\/faith\/\",\"name\":\"Glaube - \u6cd5\u5170\u514b\u798f\u534e\u4eba\u57fa\u7763\u6559\u4f1a\",\"isPartOf\":{\"@id\":\"https:\/\/ccc-frankfurt.de\/zh\/#website\"},\"datePublished\":\"2017-04-26T04:46:36+00:00\",\"dateModified\":\"2017-09-26T08:44:00+00:00\",\"breadcrumb\":{\"@id\":\"http:\/\/ccc-frankfurt.de\/zh\/faith\/#breadcrumb\"},\"inLanguage\":\"de\",\"potentialAction\":[{\"@type\":\"ReadAction\",\"target\":[\"http:\/\/ccc-frankfurt.de\/zh\/faith\/\"]}]},{\"@type\":\"BreadcrumbList\",\"@id\":\"http:\/\/ccc-frankfurt.de\/zh\/faith\/#breadcrumb\",\"itemListElement\":[{\"@type\":\"ListItem\",\"position\":1,\"name\":\"Home\",\"item\":\"https:\/\/ccc-frankfurt.de\/zh\/\"},{\"@type\":\"ListItem\",\"position\":2,\"name\":\"\u4fe1\u4ef0\u7acb\u573a\"}]},{\"@type\":\"WebSite\",\"@id\":\"https:\/\/ccc-frankfurt.de\/zh\/#website\",\"url\":\"https:\/\/ccc-frankfurt.de\/zh\/\",\"name\":\"\u6cd5\u5170\u514b\u798f\u534e\u4eba\u57fa\u7763\u6559\u4f1a\",\"description\":\"Chinesische Christliche Gemeinde Frankfurt e.V.\",\"potentialAction\":[{\"@type\":\"SearchAction\",\"target\":{\"@type\":\"EntryPoint\",\"urlTemplate\":\"https:\/\/ccc-frankfurt.de\/zh\/?s={search_term_string}\"},\"query-input\":{\"@type\":\"PropertyValueSpecification\",\"valueRequired\":true,\"valueName\":\"search_term_string\"}}],\"inLanguage\":\"de\"}]}<\/script>\n<!-- \/ Yoast SEO plugin. -->","yoast_head_json":{"title":"Glaube - \u6cd5\u5170\u514b\u798f\u534e\u4eba\u57fa\u7763\u6559\u4f1a","robots":{"index":"index","follow":"follow","max-snippet":"max-snippet:-1","max-image-preview":"max-image-preview:large","max-video-preview":"max-video-preview:-1"},"canonical":"http:\/\/ccc-frankfurt.de\/zh\/faith\/","og_locale":"de_DE","og_type":"article","og_title":"Glaube - \u6cd5\u5170\u514b\u798f\u534e\u4eba\u57fa\u7763\u6559\u4f1a","og_description":"Die Bibel stellt das von Gott offenbarte Wort an. In ihr steht die Botschaft im Mittelpunkt, dass Gott, der Sch\u00f6pfer, eine pers\u00f6nliche Beziehung zu den Menschen aufbauen m\u00f6chte. Gott liebt alle Menschen und l\u00e4sst ihnen daher auch die Freiheit, an ihn zu glauben oder nicht. Im Missbrauch seiner Freiheit lehnt sich der Mensch damals wie [&hellip;]","og_url":"http:\/\/ccc-frankfurt.de\/zh\/faith\/","og_site_name":"\u6cd5\u5170\u514b\u798f\u534e\u4eba\u57fa\u7763\u6559\u4f1a","article_modified_time":"2017-09-26T08:44:00+00:00","twitter_card":"summary_large_image","twitter_misc":{"Gesch\u00e4tzte Lesezeit":"2\u00a0Minuten"},"schema":{"@context":"https:\/\/schema.org","@graph":[{"@type":"WebPage","@id":"http:\/\/ccc-frankfurt.de\/zh\/faith\/","url":"http:\/\/ccc-frankfurt.de\/zh\/faith\/","name":"Glaube - \u6cd5\u5170\u514b\u798f\u534e\u4eba\u57fa\u7763\u6559\u4f1a","isPartOf":{"@id":"https:\/\/ccc-frankfurt.de\/zh\/#website"},"datePublished":"2017-04-26T04:46:36+00:00","dateModified":"2017-09-26T08:44:00+00:00","breadcrumb":{"@id":"http:\/\/ccc-frankfurt.de\/zh\/faith\/#breadcrumb"},"inLanguage":"de","potentialAction":[{"@type":"ReadAction","target":["http:\/\/ccc-frankfurt.de\/zh\/faith\/"]}]},{"@type":"BreadcrumbList","@id":"http:\/\/ccc-frankfurt.de\/zh\/faith\/#breadcrumb","itemListElement":[{"@type":"ListItem","position":1,"name":"Home","item":"https:\/\/ccc-frankfurt.de\/zh\/"},{"@type":"ListItem","position":2,"name":"\u4fe1\u4ef0\u7acb\u573a"}]},{"@type":"WebSite","@id":"https:\/\/ccc-frankfurt.de\/zh\/#website","url":"https:\/\/ccc-frankfurt.de\/zh\/","name":"\u6cd5\u5170\u514b\u798f\u534e\u4eba\u57fa\u7763\u6559\u4f1a","description":"Chinesische Christliche Gemeinde Frankfurt e.V.","potentialAction":[{"@type":"SearchAction","target":{"@type":"EntryPoint","urlTemplate":"https:\/\/ccc-frankfurt.de\/zh\/?s={search_term_string}"},"query-input":{"@type":"PropertyValueSpecification","valueRequired":true,"valueName":"search_term_string"}}],"inLanguage":"de"}]}},"_links":{"self":[{"href":"https:\/\/ccc-frankfurt.de\/de\/wp-json\/wp\/v2\/pages\/23","targetHints":{"allow":["GET"]}}],"collection":[{"href":"https:\/\/ccc-frankfurt.de\/de\/wp-json\/wp\/v2\/pages"}],"about":[{"href":"https:\/\/ccc-frankfurt.de\/de\/wp-json\/wp\/v2\/types\/page"}],"author":[{"embeddable":true,"href":"https:\/\/ccc-frankfurt.de\/de\/wp-json\/wp\/v2\/users\/1"}],"replies":[{"embeddable":true,"href":"https:\/\/ccc-frankfurt.de\/de\/wp-json\/wp\/v2\/comments?post=23"}],"version-history":[{"count":2,"href":"https:\/\/ccc-frankfurt.de\/de\/wp-json\/wp\/v2\/pages\/23\/revisions"}],"predecessor-version":[{"id":482,"href":"https:\/\/ccc-frankfurt.de\/de\/wp-json\/wp\/v2\/pages\/23\/revisions\/482"}],"wp:attachment":[{"href":"https:\/\/ccc-frankfurt.de\/de\/wp-json\/wp\/v2\/media?parent=23"}],"wp:term":[{"taxonomy":"category","embeddable":true,"href":"https:\/\/ccc-frankfurt.de\/de\/wp-json\/wp\/v2\/categories?post=23"},{"taxonomy":"post_tag","embeddable":true,"href":"https:\/\/ccc-frankfurt.de\/de\/wp-json\/wp\/v2\/tags?post=23"}],"curies":[{"name":"wp","href":"https:\/\/api.w.org\/{rel}","templated":true}]}}