{"id":1687,"date":"2023-02-14T14:33:08","date_gmt":"2023-02-14T13:33:08","guid":{"rendered":"https:\/\/ccc-frankfurt.de\/?page_id=1687"},"modified":"2024-05-13T14:26:44","modified_gmt":"2024-05-13T12:26:44","slug":"%e8%81%9a%e4%bc%9a%e6%97%b6%e9%97%b4","status":"publish","type":"page","link":"https:\/\/ccc-frankfurt.de\/de\/%e8%81%9a%e4%bc%9a%e6%97%b6%e9%97%b4\/","title":{"rendered":"Veranstaltungen"},"content":{"rendered":"<p>Unsere Gottesdienste finden am Sonntag um 15:30 Uhr in der Andreaskirche statt \u2013 an jedem 2. Sonntag im Monat mit Abendmahl. Parallel zu jedem Gottesdienst bieten wir Kindergottesdienst an.<\/p>\n<p>Auf dieser Seite sind f\u00fcr Sie unsere regelm\u00e4\u00dfigen Veranstaltungen aufgelistet. F\u00fcr weitere Informationen zu den Veranstaltungen kontaktieren Sie uns einfach.<\/p>\n<p>&nbsp;<\/p>\n<h3>Unsere Veranstaltungen 2023<\/h3>\n<p>18.03.2023(Sa.)\u00a0 \u00a0 \u00a0 \u00a0 \u00a0 \u00a0 \u00a0 \u00a0Predigt von Pastor Liu Minhe<\/p>\n<p>06-10.04.2023 (Do.-Mo.) Ostercamp\/DJH.Frankfurt Pastor Sun Baoling, Pastor Huang Zhengren<\/p>\n<p>Apr. 2023\u00a0 \u00a0 \u00a0 \u00a0 \u00a0 \u00a0 \u00a0 \u00a0 \u00a0 \u00a0 \u00a0 \u00a0 \u00a0Taufe<\/p>\n<p>19.05.2023 (Fr.)\u00a0 \u00a0 \u00a0 \u00a0 \u00a0 \u00a0 \u00a0 \u00a0Worship meeting from Clay Music<\/p>\n<p>08-11.06.2023 (Do.-So.)\u00a0 Freizeitcamp \/ DJH.Eschwege<\/p>","protected":false},"excerpt":{"rendered":"<p>Unsere Gottesdienste finden am Sonntag um 15:30 Uhr in der Andreaskirche statt \u2013 an jedem 2. Sonntag im Monat mit Abendmahl. Parallel zu jedem Gottesdienst bieten wir Kindergottesdienst an. Auf dieser Seite sind f\u00fcr Sie unsere regelm\u00e4\u00dfigen Veranstaltungen aufgelistet. F\u00fcr weitere Informationen zu den Veranstaltungen kontaktieren Sie uns einfach. &nbsp; Unsere Veranstaltungen 2023 18.03.2023(Sa.)\u00a0 \u00a0 [&hellip;]<\/p>\n","protected":false},"author":58,"featured_media":0,"parent":0,"menu_order":0,"comment_status":"closed","ping_status":"closed","template":"","meta":{"_bbp_topic_count":0,"_bbp_reply_count":0,"_bbp_total_topic_count":0,"_bbp_total_reply_count":0,"_bbp_voice_count":0,"_bbp_anonymous_reply_count":0,"_bbp_topic_count_hidden":0,"_bbp_reply_count_hidden":0,"_bbp_forum_subforum_count":0,"footnotes":""},"categories":[83,69],"tags":[],"class_list":["post-1687","page","type-page","status-publish","hentry","category-83","category-69"],"yoast_head":"<!-- This site is optimized with the Yoast SEO plugin v26.8 - https:\/\/yoast.com\/product\/yoast-seo-wordpress\/ -->\n<title>Veranstaltungen - \u6cd5\u5170\u514b\u798f\u534e\u4eba\u57fa\u7763\u6559\u4f1a<\/title>\n<meta name=\"robots\" content=\"index, follow, max-snippet:-1, max-image-preview:large, max-video-preview:-1\" \/>\n<link rel=\"canonical\" href=\"https:\/\/ccc-frankfurt.de\/zh\/\u805a\u4f1a\u65f6\u95f4\/\" \/>\n<meta property=\"og:locale\" content=\"de_DE\" \/>\n<meta property=\"og:type\" content=\"article\" \/>\n<meta property=\"og:title\" content=\"Veranstaltungen - \u6cd5\u5170\u514b\u798f\u534e\u4eba\u57fa\u7763\u6559\u4f1a\" \/>\n<meta property=\"og:description\" content=\"Unsere Gottesdienste finden am Sonntag um 15:30 Uhr in der Andreaskirche statt \u2013 an jedem 2. Sonntag im Monat mit Abendmahl. Parallel zu jedem Gottesdienst bieten wir Kindergottesdienst an. Auf dieser Seite sind f\u00fcr Sie unsere regelm\u00e4\u00dfigen Veranstaltungen aufgelistet. F\u00fcr weitere Informationen zu den Veranstaltungen kontaktieren Sie uns einfach. &nbsp; Unsere Veranstaltungen 2023 18.03.2023(Sa.)\u00a0 \u00a0 [&hellip;]\" \/>\n<meta property=\"og:url\" content=\"https:\/\/ccc-frankfurt.de\/zh\/\u805a\u4f1a\u65f6\u95f4\/\" \/>\n<meta property=\"og:site_name\" content=\"\u6cd5\u5170\u514b\u798f\u534e\u4eba\u57fa\u7763\u6559\u4f1a\" \/>\n<meta property=\"article:modified_time\" content=\"2024-05-13T12:26:44+00:00\" \/>\n<meta name=\"twitter:card\" content=\"summary_large_image\" \/>\n<meta name=\"twitter:label1\" content=\"Gesch\u00e4tzte Lesezeit\" \/>\n\t<meta name=\"twitter:data1\" content=\"1\u00a0Minute\" \/>\n<script type=\"application\/ld+json\" class=\"yoast-schema-graph\">{\"@context\":\"https:\/\/schema.org\",\"@graph\":[{\"@type\":\"WebPage\",\"@id\":\"https:\/\/ccc-frankfurt.de\/zh\/%e8%81%9a%e4%bc%9a%e6%97%b6%e9%97%b4\/\",\"url\":\"https:\/\/ccc-frankfurt.de\/zh\/%e8%81%9a%e4%bc%9a%e6%97%b6%e9%97%b4\/\",\"name\":\"Veranstaltungen - \u6cd5\u5170\u514b\u798f\u534e\u4eba\u57fa\u7763\u6559\u4f1a\",\"isPartOf\":{\"@id\":\"https:\/\/ccc-frankfurt.de\/zh\/#website\"},\"datePublished\":\"2023-02-14T13:33:08+00:00\",\"dateModified\":\"2024-05-13T12:26:44+00:00\",\"breadcrumb\":{\"@id\":\"https:\/\/ccc-frankfurt.de\/zh\/%e8%81%9a%e4%bc%9a%e6%97%b6%e9%97%b4\/#breadcrumb\"},\"inLanguage\":\"de\",\"potentialAction\":[{\"@type\":\"ReadAction\",\"target\":[\"https:\/\/ccc-frankfurt.de\/zh\/%e8%81%9a%e4%bc%9a%e6%97%b6%e9%97%b4\/\"]}]},{\"@type\":\"BreadcrumbList\",\"@id\":\"https:\/\/ccc-frankfurt.de\/zh\/%e8%81%9a%e4%bc%9a%e6%97%b6%e9%97%b4\/#breadcrumb\",\"itemListElement\":[{\"@type\":\"ListItem\",\"position\":1,\"name\":\"Home\",\"item\":\"https:\/\/ccc-frankfurt.de\/zh\/\"},{\"@type\":\"ListItem\",\"position\":2,\"name\":\"\u805a\u4f1a\u65f6\u95f4\"}]},{\"@type\":\"WebSite\",\"@id\":\"https:\/\/ccc-frankfurt.de\/zh\/#website\",\"url\":\"https:\/\/ccc-frankfurt.de\/zh\/\",\"name\":\"\u6cd5\u5170\u514b\u798f\u534e\u4eba\u57fa\u7763\u6559\u4f1a\",\"description\":\"Chinesische Christliche Gemeinde Frankfurt e.V.\",\"potentialAction\":[{\"@type\":\"SearchAction\",\"target\":{\"@type\":\"EntryPoint\",\"urlTemplate\":\"https:\/\/ccc-frankfurt.de\/zh\/?s={search_term_string}\"},\"query-input\":{\"@type\":\"PropertyValueSpecification\",\"valueRequired\":true,\"valueName\":\"search_term_string\"}}],\"inLanguage\":\"de\"}]}<\/script>\n<!-- \/ Yoast SEO plugin. -->","yoast_head_json":{"title":"Veranstaltungen - \u6cd5\u5170\u514b\u798f\u534e\u4eba\u57fa\u7763\u6559\u4f1a","robots":{"index":"index","follow":"follow","max-snippet":"max-snippet:-1","max-image-preview":"max-image-preview:large","max-video-preview":"max-video-preview:-1"},"canonical":"https:\/\/ccc-frankfurt.de\/zh\/\u805a\u4f1a\u65f6\u95f4\/","og_locale":"de_DE","og_type":"article","og_title":"Veranstaltungen - \u6cd5\u5170\u514b\u798f\u534e\u4eba\u57fa\u7763\u6559\u4f1a","og_description":"Unsere Gottesdienste finden am Sonntag um 15:30 Uhr in der Andreaskirche statt \u2013 an jedem 2. Sonntag im Monat mit Abendmahl. Parallel zu jedem Gottesdienst bieten wir Kindergottesdienst an. Auf dieser Seite sind f\u00fcr Sie unsere regelm\u00e4\u00dfigen Veranstaltungen aufgelistet. F\u00fcr weitere Informationen zu den Veranstaltungen kontaktieren Sie uns einfach. &nbsp; Unsere Veranstaltungen 2023 18.03.2023(Sa.)\u00a0 \u00a0 [&hellip;]","og_url":"https:\/\/ccc-frankfurt.de\/zh\/\u805a\u4f1a\u65f6\u95f4\/","og_site_name":"\u6cd5\u5170\u514b\u798f\u534e\u4eba\u57fa\u7763\u6559\u4f1a","article_modified_time":"2024-05-13T12:26:44+00:00","twitter_card":"summary_large_image","twitter_misc":{"Gesch\u00e4tzte Lesezeit":"1\u00a0Minute"},"schema":{"@context":"https:\/\/schema.org","@graph":[{"@type":"WebPage","@id":"https:\/\/ccc-frankfurt.de\/zh\/%e8%81%9a%e4%bc%9a%e6%97%b6%e9%97%b4\/","url":"https:\/\/ccc-frankfurt.de\/zh\/%e8%81%9a%e4%bc%9a%e6%97%b6%e9%97%b4\/","name":"Veranstaltungen - \u6cd5\u5170\u514b\u798f\u534e\u4eba\u57fa\u7763\u6559\u4f1a","isPartOf":{"@id":"https:\/\/ccc-frankfurt.de\/zh\/#website"},"datePublished":"2023-02-14T13:33:08+00:00","dateModified":"2024-05-13T12:26:44+00:00","breadcrumb":{"@id":"https:\/\/ccc-frankfurt.de\/zh\/%e8%81%9a%e4%bc%9a%e6%97%b6%e9%97%b4\/#breadcrumb"},"inLanguage":"de","potentialAction":[{"@type":"ReadAction","target":["https:\/\/ccc-frankfurt.de\/zh\/%e8%81%9a%e4%bc%9a%e6%97%b6%e9%97%b4\/"]}]},{"@type":"BreadcrumbList","@id":"https:\/\/ccc-frankfurt.de\/zh\/%e8%81%9a%e4%bc%9a%e6%97%b6%e9%97%b4\/#breadcrumb","itemListElement":[{"@type":"ListItem","position":1,"name":"Home","item":"https:\/\/ccc-frankfurt.de\/zh\/"},{"@type":"ListItem","position":2,"name":"\u805a\u4f1a\u65f6\u95f4"}]},{"@type":"WebSite","@id":"https:\/\/ccc-frankfurt.de\/zh\/#website","url":"https:\/\/ccc-frankfurt.de\/zh\/","name":"\u6cd5\u5170\u514b\u798f\u534e\u4eba\u57fa\u7763\u6559\u4f1a","description":"Chinesische Christliche Gemeinde Frankfurt e.V.","potentialAction":[{"@type":"SearchAction","target":{"@type":"EntryPoint","urlTemplate":"https:\/\/ccc-frankfurt.de\/zh\/?s={search_term_string}"},"query-input":{"@type":"PropertyValueSpecification","valueRequired":true,"valueName":"search_term_string"}}],"inLanguage":"de"}]}},"_links":{"self":[{"href":"https:\/\/ccc-frankfurt.de\/de\/wp-json\/wp\/v2\/pages\/1687","targetHints":{"allow":["GET"]}}],"collection":[{"href":"https:\/\/ccc-frankfurt.de\/de\/wp-json\/wp\/v2\/pages"}],"about":[{"href":"https:\/\/ccc-frankfurt.de\/de\/wp-json\/wp\/v2\/types\/page"}],"author":[{"embeddable":true,"href":"https:\/\/ccc-frankfurt.de\/de\/wp-json\/wp\/v2\/users\/58"}],"replies":[{"embeddable":true,"href":"https:\/\/ccc-frankfurt.de\/de\/wp-json\/wp\/v2\/comments?post=1687"}],"version-history":[{"count":4,"href":"https:\/\/ccc-frankfurt.de\/de\/wp-json\/wp\/v2\/pages\/1687\/revisions"}],"predecessor-version":[{"id":1881,"href":"https:\/\/ccc-frankfurt.de\/de\/wp-json\/wp\/v2\/pages\/1687\/revisions\/1881"}],"wp:attachment":[{"href":"https:\/\/ccc-frankfurt.de\/de\/wp-json\/wp\/v2\/media?parent=1687"}],"wp:term":[{"taxonomy":"category","embeddable":true,"href":"https:\/\/ccc-frankfurt.de\/de\/wp-json\/wp\/v2\/categories?post=1687"},{"taxonomy":"post_tag","embeddable":true,"href":"https:\/\/ccc-frankfurt.de\/de\/wp-json\/wp\/v2\/tags?post=1687"}],"curies":[{"name":"wp","href":"https:\/\/api.w.org\/{rel}","templated":true}]}}