{"id":14,"date":"2017-04-26T06:31:23","date_gmt":"2017-04-26T04:31:23","guid":{"rendered":"http:\/\/ccc-frankfurt.de\/wp-cn\/?page_id=14"},"modified":"2022-10-18T17:37:38","modified_gmt":"2022-10-18T15:37:38","slug":"history","status":"publish","type":"page","link":"https:\/\/ccc-frankfurt.de\/de\/history\/","title":{"rendered":"Geschichte"},"content":{"rendered":"<p>Wir sind eine chinesischsprachige christliche freie Gemeinde, die im Jahr 1991 gegr\u00fcndet wurde und sich zur Zeit in der Andreasgemeinde zum Sonntagsgottesdienst trifft. Neben dem Gottesdienst besteht ein organisiertes Netzwerk von Bibelkreisen, die w\u00f6chentlich im Umkreis von Stadt Frankfurt stattfinden.<\/p>\n<p>Unsere Gemeinde umfasst Menschen aller Altersgruppen. Durch vielf\u00e4ltige Programme m\u00f6chten wir mehr \u00fcber Gottes Absichten mit uns erfahren und die Frohe Botschaft an andere Menschen weitergeben.<\/p>\n<p><img loading=\"lazy\" decoding=\"async\" class=\"alignnone size-medium wp-image-16\" src=\"http:\/\/ccc-frankfurt.de\/wp-cn\/wp-content\/uploads\/2017\/04\/church-300x300.jpg\" alt=\"\" width=\"300\" height=\"300\" srcset=\"https:\/\/ccc-frankfurt.de\/wp-content\/uploads\/2017\/04\/church-300x300.jpg 300w, https:\/\/ccc-frankfurt.de\/wp-content\/uploads\/2017\/04\/church-150x150.jpg 150w, https:\/\/ccc-frankfurt.de\/wp-content\/uploads\/2017\/04\/church-768x771.jpg 768w, https:\/\/ccc-frankfurt.de\/wp-content\/uploads\/2017\/04\/church-1020x1024.jpg 1020w, https:\/\/ccc-frankfurt.de\/wp-content\/uploads\/2017\/04\/church.jpg 1280w\" sizes=\"auto, (max-width: 300px) 100vw, 300px\" \/><\/p>","protected":false},"excerpt":{"rendered":"<p>Wir sind eine chinesischsprachige christliche freie Gemeinde, die im Jahr 1991 gegr\u00fcndet wurde und sich zur Zeit in der Andreasgemeinde zum Sonntagsgottesdienst trifft. Neben dem Gottesdienst besteht ein organisiertes Netzwerk von Bibelkreisen, die w\u00f6chentlich im Umkreis von Stadt Frankfurt stattfinden. Unsere Gemeinde umfasst Menschen aller Altersgruppen. Durch vielf\u00e4ltige Programme m\u00f6chten wir mehr \u00fcber Gottes Absichten [&hellip;]<\/p>\n","protected":false},"author":1,"featured_media":0,"parent":0,"menu_order":16,"comment_status":"closed","ping_status":"closed","template":"","meta":{"_bbp_topic_count":0,"_bbp_reply_count":0,"_bbp_total_topic_count":0,"_bbp_total_reply_count":0,"_bbp_voice_count":0,"_bbp_anonymous_reply_count":0,"_bbp_topic_count_hidden":0,"_bbp_reply_count_hidden":0,"_bbp_forum_subforum_count":0,"footnotes":""},"categories":[36],"tags":[],"class_list":["post-14","page","type-page","status-publish","hentry","category-hauptseiten"],"yoast_head":"<!-- This site is optimized with the Yoast SEO plugin v26.8 - https:\/\/yoast.com\/product\/yoast-seo-wordpress\/ -->\n<title>Geschichte - \u6cd5\u5170\u514b\u798f\u534e\u4eba\u57fa\u7763\u6559\u4f1a<\/title>\n<meta name=\"robots\" content=\"index, follow, max-snippet:-1, max-image-preview:large, max-video-preview:-1\" \/>\n<link rel=\"canonical\" href=\"https:\/\/ccc-frankfurt.de\/de\/history\/\" \/>\n<meta property=\"og:locale\" content=\"de_DE\" \/>\n<meta property=\"og:type\" content=\"article\" \/>\n<meta property=\"og:title\" content=\"Geschichte - \u6cd5\u5170\u514b\u798f\u534e\u4eba\u57fa\u7763\u6559\u4f1a\" \/>\n<meta property=\"og:description\" content=\"Wir sind eine chinesischsprachige christliche freie Gemeinde, die im Jahr 1991 gegr\u00fcndet wurde und sich zur Zeit in der Andreasgemeinde zum Sonntagsgottesdienst trifft. Neben dem Gottesdienst besteht ein organisiertes Netzwerk von Bibelkreisen, die w\u00f6chentlich im Umkreis von Stadt Frankfurt stattfinden. Unsere Gemeinde umfasst Menschen aller Altersgruppen. Durch vielf\u00e4ltige Programme m\u00f6chten wir mehr \u00fcber Gottes Absichten [&hellip;]\" \/>\n<meta property=\"og:url\" content=\"https:\/\/ccc-frankfurt.de\/de\/history\/\" \/>\n<meta property=\"og:site_name\" content=\"\u6cd5\u5170\u514b\u798f\u534e\u4eba\u57fa\u7763\u6559\u4f1a\" \/>\n<meta property=\"article:modified_time\" content=\"2022-10-18T15:37:38+00:00\" \/>\n<meta property=\"og:image\" content=\"http:\/\/ccc-frankfurt.de\/wp-content\/uploads\/2017\/04\/church-300x300.jpg\" \/>\n<meta name=\"twitter:card\" content=\"summary_large_image\" \/>\n<script type=\"application\/ld+json\" class=\"yoast-schema-graph\">{\"@context\":\"https:\/\/schema.org\",\"@graph\":[{\"@type\":\"WebPage\",\"@id\":\"https:\/\/ccc-frankfurt.de\/de\/history\/\",\"url\":\"https:\/\/ccc-frankfurt.de\/de\/history\/\",\"name\":\"Geschichte - \u6cd5\u5170\u514b\u798f\u534e\u4eba\u57fa\u7763\u6559\u4f1a\",\"isPartOf\":{\"@id\":\"http:\/\/ccc-frankfurt.de\/zh\/#website\"},\"primaryImageOfPage\":{\"@id\":\"https:\/\/ccc-frankfurt.de\/de\/history\/#primaryimage\"},\"image\":{\"@id\":\"https:\/\/ccc-frankfurt.de\/de\/history\/#primaryimage\"},\"thumbnailUrl\":\"http:\/\/ccc-frankfurt.de\/wp-content\/uploads\/2017\/04\/church-300x300.jpg\",\"datePublished\":\"2017-04-26T04:31:23+00:00\",\"dateModified\":\"2022-10-18T15:37:38+00:00\",\"breadcrumb\":{\"@id\":\"https:\/\/ccc-frankfurt.de\/de\/history\/#breadcrumb\"},\"inLanguage\":\"de\",\"potentialAction\":[{\"@type\":\"ReadAction\",\"target\":[\"https:\/\/ccc-frankfurt.de\/de\/history\/\"]}]},{\"@type\":\"ImageObject\",\"inLanguage\":\"de\",\"@id\":\"https:\/\/ccc-frankfurt.de\/de\/history\/#primaryimage\",\"url\":\"http:\/\/ccc-frankfurt.de\/wp-content\/uploads\/2017\/04\/church-300x300.jpg\",\"contentUrl\":\"http:\/\/ccc-frankfurt.de\/wp-content\/uploads\/2017\/04\/church-300x300.jpg\"},{\"@type\":\"BreadcrumbList\",\"@id\":\"https:\/\/ccc-frankfurt.de\/de\/history\/#breadcrumb\",\"itemListElement\":[{\"@type\":\"ListItem\",\"position\":1,\"name\":\"Home\",\"item\":\"http:\/\/ccc-frankfurt.de\/zh\/\"},{\"@type\":\"ListItem\",\"position\":2,\"name\":\"Geschichte\"}]},{\"@type\":\"WebSite\",\"@id\":\"http:\/\/ccc-frankfurt.de\/zh\/#website\",\"url\":\"http:\/\/ccc-frankfurt.de\/zh\/\",\"name\":\"\u6cd5\u5170\u514b\u798f\u534e\u4eba\u57fa\u7763\u6559\u4f1a\",\"description\":\"Chinesische Christliche Gemeinde Frankfurt e.V.\",\"potentialAction\":[{\"@type\":\"SearchAction\",\"target\":{\"@type\":\"EntryPoint\",\"urlTemplate\":\"http:\/\/ccc-frankfurt.de\/zh\/?s={search_term_string}\"},\"query-input\":{\"@type\":\"PropertyValueSpecification\",\"valueRequired\":true,\"valueName\":\"search_term_string\"}}],\"inLanguage\":\"de\"}]}<\/script>\n<!-- \/ Yoast SEO plugin. -->","yoast_head_json":{"title":"Geschichte - \u6cd5\u5170\u514b\u798f\u534e\u4eba\u57fa\u7763\u6559\u4f1a","robots":{"index":"index","follow":"follow","max-snippet":"max-snippet:-1","max-image-preview":"max-image-preview:large","max-video-preview":"max-video-preview:-1"},"canonical":"https:\/\/ccc-frankfurt.de\/de\/history\/","og_locale":"de_DE","og_type":"article","og_title":"Geschichte - \u6cd5\u5170\u514b\u798f\u534e\u4eba\u57fa\u7763\u6559\u4f1a","og_description":"Wir sind eine chinesischsprachige christliche freie Gemeinde, die im Jahr 1991 gegr\u00fcndet wurde und sich zur Zeit in der Andreasgemeinde zum Sonntagsgottesdienst trifft. Neben dem Gottesdienst besteht ein organisiertes Netzwerk von Bibelkreisen, die w\u00f6chentlich im Umkreis von Stadt Frankfurt stattfinden. Unsere Gemeinde umfasst Menschen aller Altersgruppen. Durch vielf\u00e4ltige Programme m\u00f6chten wir mehr \u00fcber Gottes Absichten [&hellip;]","og_url":"https:\/\/ccc-frankfurt.de\/de\/history\/","og_site_name":"\u6cd5\u5170\u514b\u798f\u534e\u4eba\u57fa\u7763\u6559\u4f1a","article_modified_time":"2022-10-18T15:37:38+00:00","og_image":[{"url":"http:\/\/ccc-frankfurt.de\/wp-content\/uploads\/2017\/04\/church-300x300.jpg","type":"","width":"","height":""}],"twitter_card":"summary_large_image","schema":{"@context":"https:\/\/schema.org","@graph":[{"@type":"WebPage","@id":"https:\/\/ccc-frankfurt.de\/de\/history\/","url":"https:\/\/ccc-frankfurt.de\/de\/history\/","name":"Geschichte - \u6cd5\u5170\u514b\u798f\u534e\u4eba\u57fa\u7763\u6559\u4f1a","isPartOf":{"@id":"http:\/\/ccc-frankfurt.de\/zh\/#website"},"primaryImageOfPage":{"@id":"https:\/\/ccc-frankfurt.de\/de\/history\/#primaryimage"},"image":{"@id":"https:\/\/ccc-frankfurt.de\/de\/history\/#primaryimage"},"thumbnailUrl":"http:\/\/ccc-frankfurt.de\/wp-content\/uploads\/2017\/04\/church-300x300.jpg","datePublished":"2017-04-26T04:31:23+00:00","dateModified":"2022-10-18T15:37:38+00:00","breadcrumb":{"@id":"https:\/\/ccc-frankfurt.de\/de\/history\/#breadcrumb"},"inLanguage":"de","potentialAction":[{"@type":"ReadAction","target":["https:\/\/ccc-frankfurt.de\/de\/history\/"]}]},{"@type":"ImageObject","inLanguage":"de","@id":"https:\/\/ccc-frankfurt.de\/de\/history\/#primaryimage","url":"http:\/\/ccc-frankfurt.de\/wp-content\/uploads\/2017\/04\/church-300x300.jpg","contentUrl":"http:\/\/ccc-frankfurt.de\/wp-content\/uploads\/2017\/04\/church-300x300.jpg"},{"@type":"BreadcrumbList","@id":"https:\/\/ccc-frankfurt.de\/de\/history\/#breadcrumb","itemListElement":[{"@type":"ListItem","position":1,"name":"Home","item":"http:\/\/ccc-frankfurt.de\/zh\/"},{"@type":"ListItem","position":2,"name":"Geschichte"}]},{"@type":"WebSite","@id":"http:\/\/ccc-frankfurt.de\/zh\/#website","url":"http:\/\/ccc-frankfurt.de\/zh\/","name":"\u6cd5\u5170\u514b\u798f\u534e\u4eba\u57fa\u7763\u6559\u4f1a","description":"Chinesische Christliche Gemeinde Frankfurt e.V.","potentialAction":[{"@type":"SearchAction","target":{"@type":"EntryPoint","urlTemplate":"http:\/\/ccc-frankfurt.de\/zh\/?s={search_term_string}"},"query-input":{"@type":"PropertyValueSpecification","valueRequired":true,"valueName":"search_term_string"}}],"inLanguage":"de"}]}},"_links":{"self":[{"href":"https:\/\/ccc-frankfurt.de\/de\/wp-json\/wp\/v2\/pages\/14","targetHints":{"allow":["GET"]}}],"collection":[{"href":"https:\/\/ccc-frankfurt.de\/de\/wp-json\/wp\/v2\/pages"}],"about":[{"href":"https:\/\/ccc-frankfurt.de\/de\/wp-json\/wp\/v2\/types\/page"}],"author":[{"embeddable":true,"href":"https:\/\/ccc-frankfurt.de\/de\/wp-json\/wp\/v2\/users\/1"}],"replies":[{"embeddable":true,"href":"https:\/\/ccc-frankfurt.de\/de\/wp-json\/wp\/v2\/comments?post=14"}],"version-history":[{"count":10,"href":"https:\/\/ccc-frankfurt.de\/de\/wp-json\/wp\/v2\/pages\/14\/revisions"}],"predecessor-version":[{"id":1628,"href":"https:\/\/ccc-frankfurt.de\/de\/wp-json\/wp\/v2\/pages\/14\/revisions\/1628"}],"wp:attachment":[{"href":"https:\/\/ccc-frankfurt.de\/de\/wp-json\/wp\/v2\/media?parent=14"}],"wp:term":[{"taxonomy":"category","embeddable":true,"href":"https:\/\/ccc-frankfurt.de\/de\/wp-json\/wp\/v2\/categories?post=14"},{"taxonomy":"post_tag","embeddable":true,"href":"https:\/\/ccc-frankfurt.de\/de\/wp-json\/wp\/v2\/tags?post=14"}],"curies":[{"name":"wp","href":"https:\/\/api.w.org\/{rel}","templated":true}]}}